{"id":123,"date":"2023-01-18T15:02:44","date_gmt":"2023-01-18T15:02:44","guid":{"rendered":"https:\/\/bestatter.nedigoit.de\/?page_id=123"},"modified":"2023-07-06T08:09:47","modified_gmt":"2023-07-06T08:09:47","slug":"wer-wir-sind","status":"publish","type":"page","link":"https:\/\/bestatterverband-saar.de\/index.php\/wer-wir-sind\/","title":{"rendered":"Wer wir sind"},"content":{"rendered":"\n<div class=\"wp-block-nk-awb nk-awb alignfull\"><div class=\"nk-awb-wrap-content is-layout-constrained wp-block-nk-awb-is-layout-constrained\">\n<div class=\"wp-block-nk-awb nk-awb  alignfull\"><div class=\"nk-awb-wrap\" data-awb-type=\"image\" data-awb-parallax=\"scroll\" data-awb-parallax-speed=\"0.5\" data-awb-parallax-mobile=\"true\" data-awb-image-background-size=\"cover\" data-awb-image-background-position=\"50% 50%\"><div class=\"nk-awb-inner\"><img loading=\"lazy\" decoding=\"async\" src=\"https:\/\/bestatterverband-saar.de\/wp-content\/uploads\/2023\/01\/forest-g6fc6d7797_1920.jpg\" class=\"wp-image-311 jarallax-img is-layout-constrained wp-block-nk-awb-is-layout-constrained\" width=\"1920\" height=\"1280\" srcset=\"https:\/\/bestatterverband-saar.de\/wp-content\/uploads\/2023\/01\/forest-g6fc6d7797_1920.jpg 1920w, https:\/\/bestatterverband-saar.de\/wp-content\/uploads\/2023\/01\/forest-g6fc6d7797_1920-300x200.jpg 300w, https:\/\/bestatterverband-saar.de\/wp-content\/uploads\/2023\/01\/forest-g6fc6d7797_1920-1024x683.jpg 1024w, https:\/\/bestatterverband-saar.de\/wp-content\/uploads\/2023\/01\/forest-g6fc6d7797_1920-768x512.jpg 768w, https:\/\/bestatterverband-saar.de\/wp-content\/uploads\/2023\/01\/forest-g6fc6d7797_1920-1536x1024.jpg 1536w, https:\/\/bestatterverband-saar.de\/wp-content\/uploads\/2023\/01\/forest-g6fc6d7797_1920-500x333.jpg 500w, https:\/\/bestatterverband-saar.de\/wp-content\/uploads\/2023\/01\/forest-g6fc6d7797_1920-800x533.jpg 800w, https:\/\/bestatterverband-saar.de\/wp-content\/uploads\/2023\/01\/forest-g6fc6d7797_1920-1280x853.jpg 1280w, https:\/\/bestatterverband-saar.de\/wp-content\/uploads\/2023\/01\/forest-g6fc6d7797_1920-450x300.jpg 450w\" sizes=\"auto, (max-width: 1920px) 100vw, 1920px\" \/><\/div><\/div>\n\n<div style=\"height:350px\" aria-hidden=\"true\" class=\"wp-block-spacer\"><\/div>\n\n<\/div>\n<\/div><\/div>\n\n\n\n<div style=\"height:25px\" aria-hidden=\"true\" class=\"wp-block-spacer\"><\/div>\n\n\n\n<p class=\"has-medium-font-size\"><strong>Der Bestatterverband Saarland e.V. wurde im November 1947 als \u201eFachgemeinschaft f\u00fcr das Bestattungswesen im Saargebiet\u201c gegr\u00fcndet.<\/strong><\/p>\n\n\n\n<div class=\"wp-block-columns is-layout-flex wp-container-core-columns-is-layout-9d6595d7 wp-block-columns-is-layout-flex\">\n<div class=\"wp-block-column is-layout-flow wp-block-column-is-layout-flow\">\n<div style=\"height:50px\" aria-hidden=\"true\" class=\"wp-block-spacer\"><\/div>\n\n\n\n<ul class=\"wp-block-list\">\n<li>Unsere Mitgliedsunternehmen profitieren von unseren umfangreichen <strong>Serviceleistungen<\/strong>. Somit k\u00f6nnen wir deren gesamtwirtschaftliche <strong>Weiterentwicklung<\/strong> f\u00f6rdern.<\/li>\n\n\n\n<li>Wir sind <strong>Ansprechpartner<\/strong> f\u00fcr Politik und Wirtschaft.<\/li>\n\n\n\n<li>Die <strong>\u00d6ffentlichkeitsarbeit<\/strong> unseres Verbandes umfasst den Dialog \u00fcber die <strong>Entwicklungen <\/strong>und <strong>Positionen <\/strong>des Bestattungsgewerbes.<\/li>\n<\/ul>\n\n\n\n<div style=\"height:25px\" aria-hidden=\"true\" class=\"wp-block-spacer\"><\/div>\n\n\n\n<p>F\u00fcr aktuell rund 80 Mitglieder verstehen wir uns als Berufsstand- und Interessenvertretung und k\u00fcmmern uns gleichzeitig um einen nachhaltigen Erfolg unserer Mitgliedsbetriebe.<\/p>\n<\/div>\n\n\n\n<div class=\"wp-block-column is-layout-flow wp-block-column-is-layout-flow\">\n<figure class=\"wp-block-image size-full\"><img loading=\"lazy\" decoding=\"async\" width=\"555\" height=\"417\" src=\"https:\/\/bestatterverband-saar.de\/wp-content\/uploads\/2023\/01\/boxes-gross-saar.png\" alt=\"\" class=\"wp-image-356\" srcset=\"https:\/\/bestatterverband-saar.de\/wp-content\/uploads\/2023\/01\/boxes-gross-saar.png 555w, https:\/\/bestatterverband-saar.de\/wp-content\/uploads\/2023\/01\/boxes-gross-saar-300x225.png 300w, https:\/\/bestatterverband-saar.de\/wp-content\/uploads\/2023\/01\/boxes-gross-saar-500x376.png 500w\" sizes=\"auto, (max-width: 555px) 100vw, 555px\" \/><\/figure>\n<\/div>\n<\/div>\n\n\n\n<h2 class=\"wp-block-heading has-text-color\" style=\"color:#2074bc\"><strong>Historie<\/strong><\/h2>\n\n\n\n<p>Schon zu Beginn des <strong><em>20. Jahrhunderts<\/em><\/strong> hatten die Bestattungsbetriebe erkannt, dass sich ein Zusammenschluss der Gesamtheit nicht umgehen l\u00e4sst. Es enstand der Verband der Sargtischlermeister und Inhaber, die sich aber sp\u00e4ter in den Verband Deutscher Bestatteranstalten mit Sitz in Berlin, und die Interessengemeinschaft selbst\u00e4ndiger Beerdigungsinstitute mit Sitz in D\u00fcsseldorf spaltete. Diese Uneinigkeit unter den Berufkollegen war und blieb das Verh\u00e4ngnis, das sich zum Nachteil aller auswirken musste.<\/p>\n\n\n\n<p>Ein wesentlicher Fortschritt war die Errichtung der Fachgruppe Bestattungswesen in der Reichsgruppe Handwerk als Einheitsverband. Der Vorstand der Fachgruppe wurde aus beiden bisher bestandenen Gruppen gebildet.<\/p>\n\n\n\n<p>Nach <strong><em>Ende des 2. Weltkrieges<\/em><\/strong> stand das Saarland zun\u00e4chst unter franz\u00f6sischer Milit\u00e4rregierung. Zu einer Vereinsgr\u00fcndung bedurfte es der Zustimmung dieser Milit\u00e4rregierung. Es wurden zun\u00e4chst nur rein kulturellen Vereinen eine Vereinsgr\u00fcndung gestattet. Erst nach der ersten Bildung einer Saarregierung f\u00fcr das \u201eAutonome Saarland\u201c im November 1947 wurden die Voraussetzungen etwas gelockert- und so gleich ergriffen 24 Bestattungsunternehmen unter Federf\u00fchrung von Herrn Otto Dreher, Inhaber des Beerdigungsinstitutes \u201eDreher von R\u00fcden\u201c aus Saarbr\u00fccken die Initiative zur Gr\u00fcndung einer \u201eFachgemeinschaft f\u00fcr das Bestattungswesen im Saargebiet\u201c.<\/p>\n\n\n\n<p>Der Bedeutung dieser Gr\u00fcndung gerecht werdend, seien hier die Mitglieder erw\u00e4hnt, welche den begr\u00fcndeten Antrag auf Genehmigung mit pers. Unterschrift glaubhaft gegen\u00fcber der damaligen Beh\u00f6rde nachweisen mussten. (Original liegt vor.)<\/p>\n\n\n\n<p><strong>Es waren:<\/strong><br>Ernst Schanding, Homburg \u2013 Otto Dreher, Saarbr\u00fccken \u2013 Robert Motz, Dillingen \u2013 Karl Wagner, Saarbr\u00fccken \u2013 Richard Schandig, Homburg \u2013 Josef Dillschneider, Merzig \u2013 Hans Haben, Merzig \u2013 L. Ansch\u00fctz, Neunkirchen \u2013 K. Rohrbach, Neunkirchen- Wellesweiler \u2013 Walter Berg, Sulzbach \u2013 Hugo Betz, H\u00f6cherberg \u2013 Hubert Laubach, Saarbr\u00fccken \u2013 R. Kurz, Neunkirchen \u2013 Heinrich Breit, Neunkirchen \u2013 Karl Pra\u00df, St. Ingbert \u2013 Peter Steffen, Geislautern \u2013 Matthias Wolff, Saarbr\u00fccken \u2013 Ludwig Paquet- Wagner, Saarlouis \u2013 Frank Wagner, Saarbr\u00fccken \u2013 Nikolaus Dubreuil, St. Wendel \u2013 F. Eisenbeis, Neunkirchen \u2013 Hohann J\u00e4ckels, Besseringen \u2013 Friedrich Cullmann, V\u00f6lklingen und Jakob Fischer, Gersweiler.<\/p>\n\n\n\n<p>Im Jahre <strong><em>1956<\/em><\/strong> hatte der Verband 35 Mitglieder. Mit der politischen R\u00fcckgliederung des Saarlandes als 11. Bundesland im Jahre 1957 stellte sich die Frage der Mitgliederschaft im Fachverband des Deutschen Bestattungsgewerbes, Herr Theo Remmertz sowie der Gesch\u00e4ftsf\u00fchrer Herr Dr. Fichtler.<\/p>\n\n\n\n<p>Dem am <strong><em>4. November 1954<\/em><\/strong> gew\u00e4hlten Vorstand wurde einstimmig das Vertrauen zugesprochen.<br>Zum Ende der Veranstaltung nahm Verbands Vorsitzender Theo Remmertz die ersten Fachzeichenverleihungen im Saarland vor und zeichnete damit in Anerkennung ihrer Leistung die Kollegen Josef Dillschneider, Otto Dreher, Nikolaus Dubreuil, Heinrich Schr\u00f6der, August Grimm, August Lauer, Louis Paquet, Fritz Sperber, Theo Tabellion, Franz Wagner und Matthias Wolff aus. Er hob insbesondere die Verdienste von Otto Dreher hervor, der schon lange Jahre enge Kontakte zum Bundesverband unterhalten und immer an den Sitzungen des Bundesverbandes teilgenommen hatte.<\/p>\n\n\n\n<div style=\"height:25px\" aria-hidden=\"true\" class=\"wp-block-spacer\"><\/div>\n","protected":false},"excerpt":{"rendered":"<p>Der Bestatterverband Saarland e.V. wurde im November 1947 als \u201eFachgemeinschaft f\u00fcr das Bestattungswesen im Saargebiet\u201c gegr\u00fcndet. F\u00fcr aktuell rund 80 Mitglieder verstehen wir uns als Berufsstand- und Interessenvertretung und k\u00fcmmern uns gleichzeitig um einen nachhaltigen Erfolg unserer Mitgliedsbetriebe. Historie Schon<a class=\"more-link\" href=\"https:\/\/bestatterverband-saar.de\/index.php\/wer-wir-sind\/\" title=\"Wer wir sind\"><span>Read more<\/span><\/a><\/p>\n","protected":false},"author":1,"featured_media":0,"parent":0,"menu_order":0,"comment_status":"closed","ping_status":"closed","template":"","meta":{"footnotes":""},"class_list":["post-123","page","type-page","status-publish","hentry"],"_links":{"self":[{"href":"https:\/\/bestatterverband-saar.de\/index.php\/wp-json\/wp\/v2\/pages\/123","targetHints":{"allow":["GET"]}}],"collection":[{"href":"https:\/\/bestatterverband-saar.de\/index.php\/wp-json\/wp\/v2\/pages"}],"about":[{"href":"https:\/\/bestatterverband-saar.de\/index.php\/wp-json\/wp\/v2\/types\/page"}],"author":[{"embeddable":true,"href":"https:\/\/bestatterverband-saar.de\/index.php\/wp-json\/wp\/v2\/users\/1"}],"replies":[{"embeddable":true,"href":"https:\/\/bestatterverband-saar.de\/index.php\/wp-json\/wp\/v2\/comments?post=123"}],"version-history":[{"count":11,"href":"https:\/\/bestatterverband-saar.de\/index.php\/wp-json\/wp\/v2\/pages\/123\/revisions"}],"predecessor-version":[{"id":513,"href":"https:\/\/bestatterverband-saar.de\/index.php\/wp-json\/wp\/v2\/pages\/123\/revisions\/513"}],"wp:attachment":[{"href":"https:\/\/bestatterverband-saar.de\/index.php\/wp-json\/wp\/v2\/media?parent=123"}],"curies":[{"name":"wp","href":"https:\/\/api.w.org\/{rel}","templated":true}]}}